{"id":561,"date":"2021-02-04T01:47:09","date_gmt":"2021-02-04T01:47:09","guid":{"rendered":"https:\/\/sucessoagora.com\/blog\/about\/"},"modified":"2024-07-04T14:06:33","modified_gmt":"2024-07-04T17:06:33","slug":"sobre-nos","status":"publish","type":"page","link":"https:\/\/sucessoagora.com\/blog\/sobre-nos\/","title":{"rendered":"Sobre n\u00f3s"},"content":{"rendered":"<div id=\"ez-toc-container\" class=\"ez-toc-v2_0_82_2 counter-hierarchy ez-toc-counter ez-toc-grey ez-toc-container-direction\">\n<div class=\"ez-toc-title-container\">\n<p class=\"ez-toc-title\" style=\"cursor:inherit\">Tabela de conte\u00fado<\/p>\n<span class=\"ez-toc-title-toggle\"><a href=\"#\" class=\"ez-toc-pull-right ez-toc-btn ez-toc-btn-xs ez-toc-btn-default ez-toc-toggle\" aria-label=\"Alternar tabela de conte\u00fado\"><span class=\"ez-toc-js-icon-con\"><span class=\"\"><span class=\"eztoc-hide\" style=\"display:none;\">Toggle<\/span><span class=\"ez-toc-icon-toggle-span\"><svg style=\"fill: #999;color:#999\" xmlns=\"http:\/\/www.w3.org\/2000\/svg\" class=\"list-377408\" width=\"20px\" height=\"20px\" viewBox=\"0 0 24 24\" fill=\"none\"><path d=\"M6 6H4v2h2V6zm14 0H8v2h12V6zM4 11h2v2H4v-2zm16 0H8v2h12v-2zM4 16h2v2H4v-2zm16 0H8v2h12v-2z\" fill=\"currentColor\"><\/path><\/svg><svg style=\"fill: #999;color:#999\" class=\"arrow-unsorted-368013\" xmlns=\"http:\/\/www.w3.org\/2000\/svg\" width=\"10px\" height=\"10px\" viewBox=\"0 0 24 24\" version=\"1.2\" baseProfile=\"tiny\"><path d=\"M18.2 9.3l-6.2-6.3-6.2 6.3c-.2.2-.3.4-.3.7s.1.5.3.7c.2.2.4.3.7.3h11c.3 0 .5-.1.7-.3.2-.2.3-.5.3-.7s-.1-.5-.3-.7zM5.8 14.7l6.2 6.3 6.2-6.3c.2-.2.3-.5.3-.7s-.1-.5-.3-.7c-.2-.2-.4-.3-.7-.3h-11c-.3 0-.5.1-.7.3-.2.2-.3.5-.3.7s.1.5.3.7z\"\/><\/svg><\/span><\/span><\/span><\/a><\/span><\/div>\n<nav><ul class='ez-toc-list ez-toc-list-level-1 ' ><li class='ez-toc-page-1 ez-toc-heading-level-2'><a class=\"ez-toc-link ez-toc-heading-1\" href=\"https:\/\/sucessoagora.com\/blog\/sobre-nos\/#Quem_somos_nos\" >Quem somos n\u00f3s?<\/a><ul class='ez-toc-list-level-3' ><li class='ez-toc-heading-level-3'><a class=\"ez-toc-link ez-toc-heading-2\" href=\"https:\/\/sucessoagora.com\/blog\/sobre-nos\/#Se_voce_tem_interesse_em_aprender_a_ganhar_dinheiro_usando_a_internet_como_ferramenta_mesmo_sem_ter_qualquer_tipo_de_experiencia_inscreva-se_para_receber_uma_aula_gratuita_do_nosso_curso_Metodo_do_Dinheiro_Rapido\" >Se voc&ecirc; tem interesse em aprender a ganhar dinheiro usando a internet como ferramenta, mesmo sem ter qualquer tipo de experi&ecirc;ncia, inscreva-se para receber uma aula gratuita do nosso curso M&eacute;todo do Dinheiro R&aacute;pido<\/a><\/li><\/ul><\/li><\/ul><\/nav><\/div>\n<h2><span class=\"ez-toc-section\" id=\"Quem_somos_nos\"><\/span>Quem somos n\u00f3s?<span class=\"ez-toc-section-end\"><\/span><\/h2>\n<p>\t\t\t\t\t\t\t\t\t\t\t\t\t\t\t<img data-recalc-dims=\"1\" decoding=\"async\" width=\"728\" height=\"727\" data-src=\"https:\/\/i0.wp.com\/sucessoagora.com\/blog\/wp-content\/uploads\/2023\/04\/WhatsApp-Image-2023-01-02-at-14.07.31.jpeg?resize=728%2C727&#038;ssl=1\" alt=\"\" src=\"data:image\/svg+xml;base64,PHN2ZyB3aWR0aD0iMSIgaGVpZ2h0PSIxIiB4bWxucz0iaHR0cDovL3d3dy53My5vcmcvMjAwMC9zdmciPjwvc3ZnPg==\" class=\"lazyload\" style=\"--smush-placeholder-width: 728px; --smush-placeholder-aspect-ratio: 728\/727;\" \/><br \/>\n\t\t\t\t\t\t\t\t\t\t\t\t\t\t\t<img data-recalc-dims=\"1\" decoding=\"async\" width=\"1024\" height=\"1024\" data-src=\"https:\/\/i0.wp.com\/sucessoagora.com\/blog\/wp-content\/uploads\/2023\/04\/Tiago.png?resize=1024%2C1024&#038;ssl=1\" alt=\"\" src=\"data:image\/svg+xml;base64,PHN2ZyB3aWR0aD0iMSIgaGVpZ2h0PSIxIiB4bWxucz0iaHR0cDovL3d3dy53My5vcmcvMjAwMC9zdmciPjwvc3ZnPg==\" class=\"lazyload\" style=\"--smush-placeholder-width: 1024px; --smush-placeholder-aspect-ratio: 1024\/1024;\" \/>\t\t\t\t\t\t\t\t\t\t\t\t\t\t\t<\/p>\n<p>Ol\u00e1, queridos leitores do Sucesso Agora!&nbsp;<\/p>\n<p>Aqui quem escreve \u00e9 o Tiago e a Rita.<\/p>\n<p>Somos apaixonados por ajudar pessoas a alcan\u00e7arem o sucesso em suas vidas profissionais e pessoais.<\/p>\n<p>Desde o in\u00edcio de nossas carreiras, tivemos a oportunidade de aprender muito sobre empreendedorismo, <a href=\"https:\/\/sucessoagora.com\/blog\/transformar-habilidades-em-negocio-lucrativo\/\">marketing digital<\/a> e <a href=\"https:\/\/sucessoagora.com\/blog\/como-transformar-desafios-em-oportunidades-de-crescimento\/\">desenvolvimento pessoal<\/a>. Percebemos que, muitas vezes, as pessoas possuem grandes ideias e objetivos, mas n\u00e3o sabem como coloc\u00e1-los em pr\u00e1tica ou enfrentam obst\u00e1culos que as impedem de avan\u00e7ar. Foi ent\u00e3o que decidimos unir nossas habilidades e conhecimentos para ajudar essas pessoas a alcan\u00e7arem seus objetivos.<\/p>\n<p>Trabalhando juntos, criamos um m\u00e9todo \u00fanico e eficaz para ajudar nossos clientes a alcan\u00e7arem o sucesso. Nosso m\u00e9todo se baseia em uma abordagem personalizada, na qual cada cliente recebe um atendimento individualizado e um plano de a\u00e7\u00e3o sob medida. Acreditamos que cada pessoa \u00e9 \u00fanica e possui necessidades espec\u00edficas, e \u00e9 por isso que nossos servi\u00e7os s\u00e3o completamente adaptados \u00e0s necessidades de cada cliente.<\/p>\n<p>Temos uma paix\u00e3o em ajudar pessoas a atingirem suas metas e sonhos. Para n\u00f3s, n\u00e3o h\u00e1 nada mais gratificante do que ver nossos clientes alcan\u00e7ando o sucesso que tanto almejaram. Adoramos trabalhar com pessoas motivadas e comprometidas, que est\u00e3o dispostas a colocar em pr\u00e1tica nossas orienta\u00e7\u00f5es e seguir em frente com suas metas.<\/p>\n<p>Somos movidos pela paix\u00e3o de ajudar as pessoas a encontrar sua melhor vers\u00e3o. Acreditamos que todos t\u00eam o potencial de alcan\u00e7ar grandes conquistas, e estamos aqui para ajud\u00e1-los a descobrir e aproveitar todo esse potencial.<\/p>\n<p>No Sucesso Agora, compartilharemos nossas dicas e orienta\u00e7\u00f5es, para que voc\u00ea tamb\u00e9m possa alcan\u00e7ar seus objetivos. Queremos ajudar a transformar sua vida e torn\u00e1-la a melhor poss\u00edvel. Ent\u00e3o, fique \u00e0 vontade para navegar pelo nosso blog, ler nossos artigos e entrar em contato conosco se precisar de ajuda em sua jornada para o sucesso.<\/p>\n<p>Esperamos que goste dos nossos conte\u00fados e que eles realmente fa\u00e7am uma diferen\u00e7a positiva em sua vida.&nbsp;<\/p>\n<p>Juntos podemos tornar seus sonhos em realidade.<\/p>\n<p><em><strong>&#8211; Tiago e Rita<\/strong><\/em><\/p>\n<div class=\"fdhkf69ebac83758d4\" ><h3><span class=\"ez-toc-section\" id=\"Se_voce_tem_interesse_em_aprender_a_ganhar_dinheiro_usando_a_internet_como_ferramenta_mesmo_sem_ter_qualquer_tipo_de_experiencia_inscreva-se_para_receber_uma_aula_gratuita_do_nosso_curso_Metodo_do_Dinheiro_Rapido\"><\/span>Se voc&ecirc; tem interesse em aprender a ganhar dinheiro usando a internet como ferramenta, mesmo sem ter qualquer tipo de experi&ecirc;ncia, inscreva-se para receber uma aula gratuita do nosso curso <a href=\"https:\/\/tiagosimoes.com\/aula-do-metodo-do-dinheiro-rapido\" target=\"_blank\">M&eacute;todo do Dinheiro R&aacute;pido<\/a><span class=\"ez-toc-section-end\"><\/span><\/h3>\n\n<p>&nbsp;<\/p><\/div><style type=\"text\/css\">\r\n@media screen and (min-width: 1201px) {\r\n.fdhkf69ebac83758d4 {\r\ndisplay: block;\r\n}\r\n}\r\n@media screen and (min-width: 993px) and (max-width: 1200px) {\r\n.fdhkf69ebac83758d4 {\r\ndisplay: block;\r\n}\r\n}\r\n@media screen and (min-width: 769px) and (max-width: 992px) {\r\n.fdhkf69ebac83758d4 {\r\ndisplay: block;\r\n}\r\n}\r\n@media screen and (min-width: 768px) and (max-width: 768px) {\r\n.fdhkf69ebac83758d4 {\r\ndisplay: block;\r\n}\r\n}\r\n@media screen and (max-width: 767px) {\r\n.fdhkf69ebac83758d4 {\r\ndisplay: block;\r\n}\r\n}\r\n<\/style>\r\n","protected":false},"excerpt":{"rendered":"<p>Quem somos n\u00f3s? Ol\u00e1, queridos leitores do Sucesso Agora!&nbsp; Aqui quem escreve \u00e9 o Tiago e a Rita. Somos apaixonados por ajudar pessoas a alcan\u00e7arem o sucesso em suas vidas profissionais e pessoais. Desde o in\u00edcio de nossas carreiras, tivemos a oportunidade de aprender muito sobre empreendedorismo, marketing digital e desenvolvimento pessoal. Percebemos que, muitas [&hellip;]<\/p>\n","protected":false},"author":1,"featured_media":0,"parent":0,"menu_order":0,"comment_status":"closed","ping_status":"closed","template":"","meta":{"_monsterinsights_skip_tracking":false,"_monsterinsights_sitenote_active":false,"_monsterinsights_sitenote_note":"","_monsterinsights_sitenote_category":0,"site-sidebar-layout":"no-sidebar","site-content-layout":"page-builder","ast-site-content-layout":"default","site-content-style":"default","site-sidebar-style":"default","ast-global-header-display":"","ast-banner-title-visibility":"","ast-main-header-display":"","ast-hfb-above-header-display":"","ast-hfb-below-header-display":"","ast-hfb-mobile-header-display":"","site-post-title":"disabled","ast-breadcrumbs-content":"","ast-featured-img":"disabled","footer-sml-layout":"","ast-disable-related-posts":"","theme-transparent-header-meta":"enabled","adv-header-id-meta":"","stick-header-meta":"","header-above-stick-meta":"","header-main-stick-meta":"","header-below-stick-meta":"","astra-migrate-meta-layouts":"default","ast-page-background-enabled":"default","ast-page-background-meta":{"desktop":{"background-color":"var(--ast-global-color-4)","background-image":"","background-repeat":"repeat","background-position":"center center","background-size":"auto","background-attachment":"scroll","background-type":"","background-media":"","overlay-type":"","overlay-color":"","overlay-opacity":"","overlay-gradient":""},"tablet":{"background-color":"","background-image":"","background-repeat":"repeat","background-position":"center center","background-size":"auto","background-attachment":"scroll","background-type":"","background-media":"","overlay-type":"","overlay-color":"","overlay-opacity":"","overlay-gradient":""},"mobile":{"background-color":"","background-image":"","background-repeat":"repeat","background-position":"center center","background-size":"auto","background-attachment":"scroll","background-type":"","background-media":"","overlay-type":"","overlay-color":"","overlay-opacity":"","overlay-gradient":""}},"ast-content-background-meta":{"desktop":{"background-color":"var(--ast-global-color-5)","background-image":"","background-repeat":"repeat","background-position":"center center","background-size":"auto","background-attachment":"scroll","background-type":"","background-media":"","overlay-type":"","overlay-color":"","overlay-opacity":"","overlay-gradient":""},"tablet":{"background-color":"var(--ast-global-color-5)","background-image":"","background-repeat":"repeat","background-position":"center center","background-size":"auto","background-attachment":"scroll","background-type":"","background-media":"","overlay-type":"","overlay-color":"","overlay-opacity":"","overlay-gradient":""},"mobile":{"background-color":"var(--ast-global-color-5)","background-image":"","background-repeat":"repeat","background-position":"center center","background-size":"auto","background-attachment":"scroll","background-type":"","background-media":"","overlay-type":"","overlay-color":"","overlay-opacity":"","overlay-gradient":""}},"footnotes":""},"class_list":["post-561","page","type-page","status-publish","hentry"],"yoast_head":"<!-- This site is optimized with the Yoast SEO plugin v27.4 - https:\/\/yoast.com\/product\/yoast-seo-wordpress\/ -->\n<title>Sobre n\u00f3s - Sucesso Agora<\/title>\n<meta name=\"robots\" content=\"index, follow, max-snippet:-1, max-image-preview:large, max-video-preview:-1\" \/>\n<link rel=\"canonical\" href=\"https:\/\/sucessoagora.com\/blog\/sobre-nos\/\" \/>\n<meta property=\"og:locale\" content=\"pt_BR\" \/>\n<meta property=\"og:type\" content=\"article\" \/>\n<meta property=\"og:title\" content=\"Sobre n\u00f3s - Sucesso Agora\" \/>\n<meta property=\"og:description\" content=\"Quem somos n\u00f3s? Ol\u00e1, queridos leitores do Sucesso Agora!&nbsp; Aqui quem escreve \u00e9 o Tiago e a Rita. Somos apaixonados por ajudar pessoas a alcan\u00e7arem o sucesso em suas vidas profissionais e pessoais. Desde o in\u00edcio de nossas carreiras, tivemos a oportunidade de aprender muito sobre empreendedorismo, marketing digital e desenvolvimento pessoal. Percebemos que, muitas [&hellip;]\" \/>\n<meta property=\"og:url\" content=\"https:\/\/sucessoagora.com\/blog\/sobre-nos\/\" \/>\n<meta property=\"og:site_name\" content=\"Sucesso Agora\" \/>\n<meta property=\"article:publisher\" content=\"https:\/\/www.facebook.com\/tiagocsimoes\" \/>\n<meta property=\"article:modified_time\" content=\"2024-07-04T17:06:33+00:00\" \/>\n<meta property=\"og:image\" content=\"https:\/\/sucessoagora.com\/blog\/wp-content\/uploads\/2023\/04\/WhatsApp-Image-2023-01-02-at-14.07.31.jpeg\" \/>\n<meta name=\"twitter:card\" content=\"summary_large_image\" \/>\n<meta name=\"twitter:site\" content=\"@otiagosimoes\" \/>\n<meta name=\"twitter:label1\" content=\"Est. tempo de leitura\" \/>\n\t<meta name=\"twitter:data1\" content=\"1 minuto\" \/>\n<script type=\"application\/ld+json\" class=\"yoast-schema-graph\">{\"@context\":\"https:\\\/\\\/schema.org\",\"@graph\":[{\"@type\":\"WebPage\",\"@id\":\"https:\\\/\\\/sucessoagora.com\\\/blog\\\/sobre-nos\\\/\",\"url\":\"https:\\\/\\\/sucessoagora.com\\\/blog\\\/sobre-nos\\\/\",\"name\":\"Sobre n\u00f3s - Sucesso Agora\",\"isPartOf\":{\"@id\":\"https:\\\/\\\/sucessoagora.com\\\/blog\\\/#website\"},\"primaryImageOfPage\":{\"@id\":\"https:\\\/\\\/sucessoagora.com\\\/blog\\\/sobre-nos\\\/#primaryimage\"},\"image\":{\"@id\":\"https:\\\/\\\/sucessoagora.com\\\/blog\\\/sobre-nos\\\/#primaryimage\"},\"thumbnailUrl\":\"https:\\\/\\\/sucessoagora.com\\\/blog\\\/wp-content\\\/uploads\\\/2023\\\/04\\\/WhatsApp-Image-2023-01-02-at-14.07.31.jpeg\",\"datePublished\":\"2021-02-04T01:47:09+00:00\",\"dateModified\":\"2024-07-04T17:06:33+00:00\",\"breadcrumb\":{\"@id\":\"https:\\\/\\\/sucessoagora.com\\\/blog\\\/sobre-nos\\\/#breadcrumb\"},\"inLanguage\":\"pt-BR\",\"potentialAction\":[{\"@type\":\"ReadAction\",\"target\":[\"https:\\\/\\\/sucessoagora.com\\\/blog\\\/sobre-nos\\\/\"]}]},{\"@type\":\"ImageObject\",\"inLanguage\":\"pt-BR\",\"@id\":\"https:\\\/\\\/sucessoagora.com\\\/blog\\\/sobre-nos\\\/#primaryimage\",\"url\":\"https:\\\/\\\/i0.wp.com\\\/sucessoagora.com\\\/blog\\\/wp-content\\\/uploads\\\/2023\\\/04\\\/WhatsApp-Image-2023-01-02-at-14.07.31.jpeg?fit=728%2C727&ssl=1\",\"contentUrl\":\"https:\\\/\\\/i0.wp.com\\\/sucessoagora.com\\\/blog\\\/wp-content\\\/uploads\\\/2023\\\/04\\\/WhatsApp-Image-2023-01-02-at-14.07.31.jpeg?fit=728%2C727&ssl=1\",\"width\":728,\"height\":727},{\"@type\":\"BreadcrumbList\",\"@id\":\"https:\\\/\\\/sucessoagora.com\\\/blog\\\/sobre-nos\\\/#breadcrumb\",\"itemListElement\":[{\"@type\":\"ListItem\",\"position\":1,\"name\":\"In\u00edcio\",\"item\":\"https:\\\/\\\/sucessoagora.com\\\/blog\\\/\"},{\"@type\":\"ListItem\",\"position\":2,\"name\":\"Sobre n\u00f3s\"}]},{\"@type\":\"WebSite\",\"@id\":\"https:\\\/\\\/sucessoagora.com\\\/blog\\\/#website\",\"url\":\"https:\\\/\\\/sucessoagora.com\\\/blog\\\/\",\"name\":\"Sucesso Agora\",\"description\":\"Como ganhar dinheiro, marketing digital, e desenvolvimento pessoal.\",\"publisher\":{\"@id\":\"https:\\\/\\\/sucessoagora.com\\\/blog\\\/#\\\/schema\\\/person\\\/cba8965841add44632e498d8d89f4efe\"},\"potentialAction\":[{\"@type\":\"SearchAction\",\"target\":{\"@type\":\"EntryPoint\",\"urlTemplate\":\"https:\\\/\\\/sucessoagora.com\\\/blog\\\/?s={search_term_string}\"},\"query-input\":{\"@type\":\"PropertyValueSpecification\",\"valueRequired\":true,\"valueName\":\"search_term_string\"}}],\"inLanguage\":\"pt-BR\"},{\"@type\":[\"Person\",\"Organization\"],\"@id\":\"https:\\\/\\\/sucessoagora.com\\\/blog\\\/#\\\/schema\\\/person\\\/cba8965841add44632e498d8d89f4efe\",\"name\":\"Tiago Sim\u00f5es\",\"image\":{\"@type\":\"ImageObject\",\"inLanguage\":\"pt-BR\",\"@id\":\"https:\\\/\\\/i0.wp.com\\\/sucessoagora.com\\\/blog\\\/wp-content\\\/uploads\\\/2023\\\/03\\\/Meu-projeto-Sem-BG-modified.png?fit=1456%2C1456&ssl=1\",\"url\":\"https:\\\/\\\/i0.wp.com\\\/sucessoagora.com\\\/blog\\\/wp-content\\\/uploads\\\/2023\\\/03\\\/Meu-projeto-Sem-BG-modified.png?fit=1456%2C1456&ssl=1\",\"contentUrl\":\"https:\\\/\\\/i0.wp.com\\\/sucessoagora.com\\\/blog\\\/wp-content\\\/uploads\\\/2023\\\/03\\\/Meu-projeto-Sem-BG-modified.png?fit=1456%2C1456&ssl=1\",\"width\":1456,\"height\":1456,\"caption\":\"Tiago Sim\u00f5es\"},\"logo\":{\"@id\":\"https:\\\/\\\/i0.wp.com\\\/sucessoagora.com\\\/blog\\\/wp-content\\\/uploads\\\/2023\\\/03\\\/Meu-projeto-Sem-BG-modified.png?fit=1456%2C1456&ssl=1\"},\"description\":\"S\u00f3cio propriet\u00e1rio do Sucesso Agora. Especialista em tr\u00e1fego pago, tr\u00e1fego org\u00e2nico e marketing digital. Com mais de 15 anos de experi\u00eancia na \u00e1rea, ajudo pessoas e empresas a aumentar sua visibilidade e vendas na internet atrav\u00e9s de estrat\u00e9gias que realmente funcionam.\",\"sameAs\":[\"https:\\\/\\\/sucessoagora.com\\\/blog\",\"https:\\\/\\\/www.facebook.com\\\/tiagocsimoes\",\"https:\\\/\\\/www.instagram.com\\\/tiagocsimoes\\\/\",\"https:\\\/\\\/www.linkedin.com\\\/in\\\/tiagocsimoes\\\/\",\"https:\\\/\\\/x.com\\\/https:\\\/\\\/twitter.com\\\/otiagosimoes\",\"https:\\\/\\\/www.youtube.com\\\/channel\\\/UCN6nx96FQIFtL7QyUshzglQ\"]}]}<\/script>\n<!-- \/ Yoast SEO plugin. -->","yoast_head_json":{"title":"Sobre n\u00f3s - Sucesso Agora","robots":{"index":"index","follow":"follow","max-snippet":"max-snippet:-1","max-image-preview":"max-image-preview:large","max-video-preview":"max-video-preview:-1"},"canonical":"https:\/\/sucessoagora.com\/blog\/sobre-nos\/","og_locale":"pt_BR","og_type":"article","og_title":"Sobre n\u00f3s - Sucesso Agora","og_description":"Quem somos n\u00f3s? Ol\u00e1, queridos leitores do Sucesso Agora!&nbsp; Aqui quem escreve \u00e9 o Tiago e a Rita. Somos apaixonados por ajudar pessoas a alcan\u00e7arem o sucesso em suas vidas profissionais e pessoais. Desde o in\u00edcio de nossas carreiras, tivemos a oportunidade de aprender muito sobre empreendedorismo, marketing digital e desenvolvimento pessoal. Percebemos que, muitas [&hellip;]","og_url":"https:\/\/sucessoagora.com\/blog\/sobre-nos\/","og_site_name":"Sucesso Agora","article_publisher":"https:\/\/www.facebook.com\/tiagocsimoes","article_modified_time":"2024-07-04T17:06:33+00:00","og_image":[{"url":"https:\/\/sucessoagora.com\/blog\/wp-content\/uploads\/2023\/04\/WhatsApp-Image-2023-01-02-at-14.07.31.jpeg","type":"","width":"","height":""}],"twitter_card":"summary_large_image","twitter_site":"@otiagosimoes","twitter_misc":{"Est. tempo de leitura":"1 minuto"},"schema":{"@context":"https:\/\/schema.org","@graph":[{"@type":"WebPage","@id":"https:\/\/sucessoagora.com\/blog\/sobre-nos\/","url":"https:\/\/sucessoagora.com\/blog\/sobre-nos\/","name":"Sobre n\u00f3s - Sucesso Agora","isPartOf":{"@id":"https:\/\/sucessoagora.com\/blog\/#website"},"primaryImageOfPage":{"@id":"https:\/\/sucessoagora.com\/blog\/sobre-nos\/#primaryimage"},"image":{"@id":"https:\/\/sucessoagora.com\/blog\/sobre-nos\/#primaryimage"},"thumbnailUrl":"https:\/\/sucessoagora.com\/blog\/wp-content\/uploads\/2023\/04\/WhatsApp-Image-2023-01-02-at-14.07.31.jpeg","datePublished":"2021-02-04T01:47:09+00:00","dateModified":"2024-07-04T17:06:33+00:00","breadcrumb":{"@id":"https:\/\/sucessoagora.com\/blog\/sobre-nos\/#breadcrumb"},"inLanguage":"pt-BR","potentialAction":[{"@type":"ReadAction","target":["https:\/\/sucessoagora.com\/blog\/sobre-nos\/"]}]},{"@type":"ImageObject","inLanguage":"pt-BR","@id":"https:\/\/sucessoagora.com\/blog\/sobre-nos\/#primaryimage","url":"https:\/\/i0.wp.com\/sucessoagora.com\/blog\/wp-content\/uploads\/2023\/04\/WhatsApp-Image-2023-01-02-at-14.07.31.jpeg?fit=728%2C727&ssl=1","contentUrl":"https:\/\/i0.wp.com\/sucessoagora.com\/blog\/wp-content\/uploads\/2023\/04\/WhatsApp-Image-2023-01-02-at-14.07.31.jpeg?fit=728%2C727&ssl=1","width":728,"height":727},{"@type":"BreadcrumbList","@id":"https:\/\/sucessoagora.com\/blog\/sobre-nos\/#breadcrumb","itemListElement":[{"@type":"ListItem","position":1,"name":"In\u00edcio","item":"https:\/\/sucessoagora.com\/blog\/"},{"@type":"ListItem","position":2,"name":"Sobre n\u00f3s"}]},{"@type":"WebSite","@id":"https:\/\/sucessoagora.com\/blog\/#website","url":"https:\/\/sucessoagora.com\/blog\/","name":"Sucesso Agora","description":"Como ganhar dinheiro, marketing digital, e desenvolvimento pessoal.","publisher":{"@id":"https:\/\/sucessoagora.com\/blog\/#\/schema\/person\/cba8965841add44632e498d8d89f4efe"},"potentialAction":[{"@type":"SearchAction","target":{"@type":"EntryPoint","urlTemplate":"https:\/\/sucessoagora.com\/blog\/?s={search_term_string}"},"query-input":{"@type":"PropertyValueSpecification","valueRequired":true,"valueName":"search_term_string"}}],"inLanguage":"pt-BR"},{"@type":["Person","Organization"],"@id":"https:\/\/sucessoagora.com\/blog\/#\/schema\/person\/cba8965841add44632e498d8d89f4efe","name":"Tiago Sim\u00f5es","image":{"@type":"ImageObject","inLanguage":"pt-BR","@id":"https:\/\/i0.wp.com\/sucessoagora.com\/blog\/wp-content\/uploads\/2023\/03\/Meu-projeto-Sem-BG-modified.png?fit=1456%2C1456&ssl=1","url":"https:\/\/i0.wp.com\/sucessoagora.com\/blog\/wp-content\/uploads\/2023\/03\/Meu-projeto-Sem-BG-modified.png?fit=1456%2C1456&ssl=1","contentUrl":"https:\/\/i0.wp.com\/sucessoagora.com\/blog\/wp-content\/uploads\/2023\/03\/Meu-projeto-Sem-BG-modified.png?fit=1456%2C1456&ssl=1","width":1456,"height":1456,"caption":"Tiago Sim\u00f5es"},"logo":{"@id":"https:\/\/i0.wp.com\/sucessoagora.com\/blog\/wp-content\/uploads\/2023\/03\/Meu-projeto-Sem-BG-modified.png?fit=1456%2C1456&ssl=1"},"description":"S\u00f3cio propriet\u00e1rio do Sucesso Agora. Especialista em tr\u00e1fego pago, tr\u00e1fego org\u00e2nico e marketing digital. Com mais de 15 anos de experi\u00eancia na \u00e1rea, ajudo pessoas e empresas a aumentar sua visibilidade e vendas na internet atrav\u00e9s de estrat\u00e9gias que realmente funcionam.","sameAs":["https:\/\/sucessoagora.com\/blog","https:\/\/www.facebook.com\/tiagocsimoes","https:\/\/www.instagram.com\/tiagocsimoes\/","https:\/\/www.linkedin.com\/in\/tiagocsimoes\/","https:\/\/x.com\/https:\/\/twitter.com\/otiagosimoes","https:\/\/www.youtube.com\/channel\/UCN6nx96FQIFtL7QyUshzglQ"]}]}},"jetpack_sharing_enabled":true,"_links":{"self":[{"href":"https:\/\/sucessoagora.com\/blog\/wp-json\/wp\/v2\/pages\/561","targetHints":{"allow":["GET"]}}],"collection":[{"href":"https:\/\/sucessoagora.com\/blog\/wp-json\/wp\/v2\/pages"}],"about":[{"href":"https:\/\/sucessoagora.com\/blog\/wp-json\/wp\/v2\/types\/page"}],"author":[{"embeddable":true,"href":"https:\/\/sucessoagora.com\/blog\/wp-json\/wp\/v2\/users\/1"}],"replies":[{"embeddable":true,"href":"https:\/\/sucessoagora.com\/blog\/wp-json\/wp\/v2\/comments?post=561"}],"version-history":[{"count":28,"href":"https:\/\/sucessoagora.com\/blog\/wp-json\/wp\/v2\/pages\/561\/revisions"}],"predecessor-version":[{"id":7471,"href":"https:\/\/sucessoagora.com\/blog\/wp-json\/wp\/v2\/pages\/561\/revisions\/7471"}],"wp:attachment":[{"href":"https:\/\/sucessoagora.com\/blog\/wp-json\/wp\/v2\/media?parent=561"}],"curies":[{"name":"wp","href":"https:\/\/api.w.org\/{rel}","templated":true}]}}