{"id":688,"date":"2021-02-04T02:50:10","date_gmt":"2021-02-04T02:50:10","guid":{"rendered":"https:\/\/sucessoagora.com\/blog\/resource\/"},"modified":"2024-07-04T14:06:33","modified_gmt":"2024-07-04T17:06:33","slug":"resource","status":"publish","type":"page","link":"https:\/\/sucessoagora.com\/blog\/resource\/","title":{"rendered":"Resource"},"content":{"rendered":"<div class=\"bsrnf69ebac7f55f62\" ><h3>Se voc&ecirc; tem interesse em aprender a ganhar dinheiro usando a internet como ferramenta, mesmo sem ter qualquer tipo de experi&ecirc;ncia, inscreva-se para receber uma aula gratuita do nosso curso <a href=\"https:\/\/tiagosimoes.com\/aula-do-metodo-do-dinheiro-rapido\" target=\"_blank\">M&eacute;todo do Dinheiro R&aacute;pido<\/a><\/h3>\n\n<p>&nbsp;<\/p><\/div><style type=\"text\/css\">\r\n@media screen and (min-width: 1201px) {\r\n.bsrnf69ebac7f55f62 {\r\ndisplay: block;\r\n}\r\n}\r\n@media screen and (min-width: 993px) and (max-width: 1200px) {\r\n.bsrnf69ebac7f55f62 {\r\ndisplay: block;\r\n}\r\n}\r\n@media screen and (min-width: 769px) and (max-width: 992px) {\r\n.bsrnf69ebac7f55f62 {\r\ndisplay: block;\r\n}\r\n}\r\n@media screen and (min-width: 768px) and (max-width: 768px) {\r\n.bsrnf69ebac7f55f62 {\r\ndisplay: block;\r\n}\r\n}\r\n@media screen and (max-width: 767px) {\r\n.bsrnf69ebac7f55f62 {\r\ndisplay: block;\r\n}\r\n}\r\n<\/style>\r\n","protected":false},"excerpt":{"rendered":"<p>Se voc&ecirc; tem interesse em aprender a ganhar dinheiro usando a internet como ferramenta, mesmo sem ter qualquer tipo de experi&ecirc;ncia, inscreva-se para receber uma aula gratuita do nosso curso M&eacute;todo do Dinheiro R&aacute;pido &nbsp;<\/p>\n","protected":false},"author":1,"featured_media":0,"parent":0,"menu_order":0,"comment_status":"closed","ping_status":"closed","template":"","meta":{"_monsterinsights_skip_tracking":false,"_monsterinsights_sitenote_active":false,"_monsterinsights_sitenote_note":"","_monsterinsights_sitenote_category":0,"site-sidebar-layout":"no-sidebar","site-content-layout":"page-builder","ast-site-content-layout":"default","site-content-style":"default","site-sidebar-style":"default","ast-global-header-display":"","ast-banner-title-visibility":"","ast-main-header-display":"","ast-hfb-above-header-display":"","ast-hfb-below-header-display":"","ast-hfb-mobile-header-display":"","site-post-title":"disabled","ast-breadcrumbs-content":"","ast-featured-img":"disabled","footer-sml-layout":"","ast-disable-related-posts":"","theme-transparent-header-meta":"enabled","adv-header-id-meta":"","stick-header-meta":"","header-above-stick-meta":"","header-main-stick-meta":"","header-below-stick-meta":"","astra-migrate-meta-layouts":"default","ast-page-background-enabled":"default","ast-page-background-meta":{"desktop":{"background-color":"var(--ast-global-color-4)","background-image":"","background-repeat":"repeat","background-position":"center center","background-size":"auto","background-attachment":"scroll","background-type":"","background-media":"","overlay-type":"","overlay-color":"","overlay-opacity":"","overlay-gradient":""},"tablet":{"background-color":"","background-image":"","background-repeat":"repeat","background-position":"center center","background-size":"auto","background-attachment":"scroll","background-type":"","background-media":"","overlay-type":"","overlay-color":"","overlay-opacity":"","overlay-gradient":""},"mobile":{"background-color":"","background-image":"","background-repeat":"repeat","background-position":"center center","background-size":"auto","background-attachment":"scroll","background-type":"","background-media":"","overlay-type":"","overlay-color":"","overlay-opacity":"","overlay-gradient":""}},"ast-content-background-meta":{"desktop":{"background-color":"var(--ast-global-color-5)","background-image":"","background-repeat":"repeat","background-position":"center center","background-size":"auto","background-attachment":"scroll","background-type":"","background-media":"","overlay-type":"","overlay-color":"","overlay-opacity":"","overlay-gradient":""},"tablet":{"background-color":"var(--ast-global-color-5)","background-image":"","background-repeat":"repeat","background-position":"center center","background-size":"auto","background-attachment":"scroll","background-type":"","background-media":"","overlay-type":"","overlay-color":"","overlay-opacity":"","overlay-gradient":""},"mobile":{"background-color":"var(--ast-global-color-5)","background-image":"","background-repeat":"repeat","background-position":"center center","background-size":"auto","background-attachment":"scroll","background-type":"","background-media":"","overlay-type":"","overlay-color":"","overlay-opacity":"","overlay-gradient":""}},"footnotes":""},"class_list":["post-688","page","type-page","status-publish","hentry"],"yoast_head":"<!-- This site is optimized with the Yoast SEO plugin v27.4 - https:\/\/yoast.com\/product\/yoast-seo-wordpress\/ -->\n<title>Resource - Sucesso Agora<\/title>\n<meta name=\"robots\" content=\"index, follow, max-snippet:-1, max-image-preview:large, max-video-preview:-1\" \/>\n<link rel=\"canonical\" href=\"https:\/\/sucessoagora.com\/blog\/resource\/\" \/>\n<meta property=\"og:locale\" content=\"pt_BR\" \/>\n<meta property=\"og:type\" content=\"article\" \/>\n<meta property=\"og:title\" content=\"Resource - Sucesso Agora\" \/>\n<meta property=\"og:description\" content=\"Se voc&ecirc; tem interesse em aprender a ganhar dinheiro usando a internet como ferramenta, mesmo sem ter qualquer tipo de experi&ecirc;ncia, inscreva-se para receber uma aula gratuita do nosso curso M&eacute;todo do Dinheiro R&aacute;pido &nbsp;\" \/>\n<meta property=\"og:url\" content=\"https:\/\/sucessoagora.com\/blog\/resource\/\" \/>\n<meta property=\"og:site_name\" content=\"Sucesso Agora\" \/>\n<meta property=\"article:publisher\" content=\"https:\/\/www.facebook.com\/tiagocsimoes\" \/>\n<meta property=\"article:modified_time\" content=\"2024-07-04T17:06:33+00:00\" \/>\n<meta name=\"twitter:card\" content=\"summary_large_image\" \/>\n<meta name=\"twitter:site\" content=\"@otiagosimoes\" \/>\n<meta name=\"twitter:label1\" content=\"Est. tempo de leitura\" \/>\n\t<meta name=\"twitter:data1\" content=\"3 minutos\" \/>\n<script type=\"application\/ld+json\" class=\"yoast-schema-graph\">{\"@context\":\"https:\\\/\\\/schema.org\",\"@graph\":[{\"@type\":\"WebPage\",\"@id\":\"https:\\\/\\\/sucessoagora.com\\\/blog\\\/resource\\\/\",\"url\":\"https:\\\/\\\/sucessoagora.com\\\/blog\\\/resource\\\/\",\"name\":\"Resource - Sucesso Agora\",\"isPartOf\":{\"@id\":\"https:\\\/\\\/sucessoagora.com\\\/blog\\\/#website\"},\"datePublished\":\"2021-02-04T02:50:10+00:00\",\"dateModified\":\"2024-07-04T17:06:33+00:00\",\"breadcrumb\":{\"@id\":\"https:\\\/\\\/sucessoagora.com\\\/blog\\\/resource\\\/#breadcrumb\"},\"inLanguage\":\"pt-BR\",\"potentialAction\":[{\"@type\":\"ReadAction\",\"target\":[\"https:\\\/\\\/sucessoagora.com\\\/blog\\\/resource\\\/\"]}]},{\"@type\":\"BreadcrumbList\",\"@id\":\"https:\\\/\\\/sucessoagora.com\\\/blog\\\/resource\\\/#breadcrumb\",\"itemListElement\":[{\"@type\":\"ListItem\",\"position\":1,\"name\":\"In\u00edcio\",\"item\":\"https:\\\/\\\/sucessoagora.com\\\/blog\\\/\"},{\"@type\":\"ListItem\",\"position\":2,\"name\":\"Resource\"}]},{\"@type\":\"WebSite\",\"@id\":\"https:\\\/\\\/sucessoagora.com\\\/blog\\\/#website\",\"url\":\"https:\\\/\\\/sucessoagora.com\\\/blog\\\/\",\"name\":\"Sucesso Agora\",\"description\":\"Como ganhar dinheiro, marketing digital, e desenvolvimento pessoal.\",\"publisher\":{\"@id\":\"https:\\\/\\\/sucessoagora.com\\\/blog\\\/#\\\/schema\\\/person\\\/cba8965841add44632e498d8d89f4efe\"},\"potentialAction\":[{\"@type\":\"SearchAction\",\"target\":{\"@type\":\"EntryPoint\",\"urlTemplate\":\"https:\\\/\\\/sucessoagora.com\\\/blog\\\/?s={search_term_string}\"},\"query-input\":{\"@type\":\"PropertyValueSpecification\",\"valueRequired\":true,\"valueName\":\"search_term_string\"}}],\"inLanguage\":\"pt-BR\"},{\"@type\":[\"Person\",\"Organization\"],\"@id\":\"https:\\\/\\\/sucessoagora.com\\\/blog\\\/#\\\/schema\\\/person\\\/cba8965841add44632e498d8d89f4efe\",\"name\":\"Tiago Sim\u00f5es\",\"image\":{\"@type\":\"ImageObject\",\"inLanguage\":\"pt-BR\",\"@id\":\"https:\\\/\\\/i0.wp.com\\\/sucessoagora.com\\\/blog\\\/wp-content\\\/uploads\\\/2023\\\/03\\\/Meu-projeto-Sem-BG-modified.png?fit=1456%2C1456&ssl=1\",\"url\":\"https:\\\/\\\/i0.wp.com\\\/sucessoagora.com\\\/blog\\\/wp-content\\\/uploads\\\/2023\\\/03\\\/Meu-projeto-Sem-BG-modified.png?fit=1456%2C1456&ssl=1\",\"contentUrl\":\"https:\\\/\\\/i0.wp.com\\\/sucessoagora.com\\\/blog\\\/wp-content\\\/uploads\\\/2023\\\/03\\\/Meu-projeto-Sem-BG-modified.png?fit=1456%2C1456&ssl=1\",\"width\":1456,\"height\":1456,\"caption\":\"Tiago Sim\u00f5es\"},\"logo\":{\"@id\":\"https:\\\/\\\/i0.wp.com\\\/sucessoagora.com\\\/blog\\\/wp-content\\\/uploads\\\/2023\\\/03\\\/Meu-projeto-Sem-BG-modified.png?fit=1456%2C1456&ssl=1\"},\"description\":\"S\u00f3cio propriet\u00e1rio do Sucesso Agora. Especialista em tr\u00e1fego pago, tr\u00e1fego org\u00e2nico e marketing digital. Com mais de 15 anos de experi\u00eancia na \u00e1rea, ajudo pessoas e empresas a aumentar sua visibilidade e vendas na internet atrav\u00e9s de estrat\u00e9gias que realmente funcionam.\",\"sameAs\":[\"https:\\\/\\\/sucessoagora.com\\\/blog\",\"https:\\\/\\\/www.facebook.com\\\/tiagocsimoes\",\"https:\\\/\\\/www.instagram.com\\\/tiagocsimoes\\\/\",\"https:\\\/\\\/www.linkedin.com\\\/in\\\/tiagocsimoes\\\/\",\"https:\\\/\\\/x.com\\\/https:\\\/\\\/twitter.com\\\/otiagosimoes\",\"https:\\\/\\\/www.youtube.com\\\/channel\\\/UCN6nx96FQIFtL7QyUshzglQ\"]}]}<\/script>\n<!-- \/ Yoast SEO plugin. -->","yoast_head_json":{"title":"Resource - Sucesso Agora","robots":{"index":"index","follow":"follow","max-snippet":"max-snippet:-1","max-image-preview":"max-image-preview:large","max-video-preview":"max-video-preview:-1"},"canonical":"https:\/\/sucessoagora.com\/blog\/resource\/","og_locale":"pt_BR","og_type":"article","og_title":"Resource - Sucesso Agora","og_description":"Se voc&ecirc; tem interesse em aprender a ganhar dinheiro usando a internet como ferramenta, mesmo sem ter qualquer tipo de experi&ecirc;ncia, inscreva-se para receber uma aula gratuita do nosso curso M&eacute;todo do Dinheiro R&aacute;pido &nbsp;","og_url":"https:\/\/sucessoagora.com\/blog\/resource\/","og_site_name":"Sucesso Agora","article_publisher":"https:\/\/www.facebook.com\/tiagocsimoes","article_modified_time":"2024-07-04T17:06:33+00:00","twitter_card":"summary_large_image","twitter_site":"@otiagosimoes","twitter_misc":{"Est. tempo de leitura":"3 minutos"},"schema":{"@context":"https:\/\/schema.org","@graph":[{"@type":"WebPage","@id":"https:\/\/sucessoagora.com\/blog\/resource\/","url":"https:\/\/sucessoagora.com\/blog\/resource\/","name":"Resource - Sucesso Agora","isPartOf":{"@id":"https:\/\/sucessoagora.com\/blog\/#website"},"datePublished":"2021-02-04T02:50:10+00:00","dateModified":"2024-07-04T17:06:33+00:00","breadcrumb":{"@id":"https:\/\/sucessoagora.com\/blog\/resource\/#breadcrumb"},"inLanguage":"pt-BR","potentialAction":[{"@type":"ReadAction","target":["https:\/\/sucessoagora.com\/blog\/resource\/"]}]},{"@type":"BreadcrumbList","@id":"https:\/\/sucessoagora.com\/blog\/resource\/#breadcrumb","itemListElement":[{"@type":"ListItem","position":1,"name":"In\u00edcio","item":"https:\/\/sucessoagora.com\/blog\/"},{"@type":"ListItem","position":2,"name":"Resource"}]},{"@type":"WebSite","@id":"https:\/\/sucessoagora.com\/blog\/#website","url":"https:\/\/sucessoagora.com\/blog\/","name":"Sucesso Agora","description":"Como ganhar dinheiro, marketing digital, e desenvolvimento pessoal.","publisher":{"@id":"https:\/\/sucessoagora.com\/blog\/#\/schema\/person\/cba8965841add44632e498d8d89f4efe"},"potentialAction":[{"@type":"SearchAction","target":{"@type":"EntryPoint","urlTemplate":"https:\/\/sucessoagora.com\/blog\/?s={search_term_string}"},"query-input":{"@type":"PropertyValueSpecification","valueRequired":true,"valueName":"search_term_string"}}],"inLanguage":"pt-BR"},{"@type":["Person","Organization"],"@id":"https:\/\/sucessoagora.com\/blog\/#\/schema\/person\/cba8965841add44632e498d8d89f4efe","name":"Tiago Sim\u00f5es","image":{"@type":"ImageObject","inLanguage":"pt-BR","@id":"https:\/\/i0.wp.com\/sucessoagora.com\/blog\/wp-content\/uploads\/2023\/03\/Meu-projeto-Sem-BG-modified.png?fit=1456%2C1456&ssl=1","url":"https:\/\/i0.wp.com\/sucessoagora.com\/blog\/wp-content\/uploads\/2023\/03\/Meu-projeto-Sem-BG-modified.png?fit=1456%2C1456&ssl=1","contentUrl":"https:\/\/i0.wp.com\/sucessoagora.com\/blog\/wp-content\/uploads\/2023\/03\/Meu-projeto-Sem-BG-modified.png?fit=1456%2C1456&ssl=1","width":1456,"height":1456,"caption":"Tiago Sim\u00f5es"},"logo":{"@id":"https:\/\/i0.wp.com\/sucessoagora.com\/blog\/wp-content\/uploads\/2023\/03\/Meu-projeto-Sem-BG-modified.png?fit=1456%2C1456&ssl=1"},"description":"S\u00f3cio propriet\u00e1rio do Sucesso Agora. Especialista em tr\u00e1fego pago, tr\u00e1fego org\u00e2nico e marketing digital. Com mais de 15 anos de experi\u00eancia na \u00e1rea, ajudo pessoas e empresas a aumentar sua visibilidade e vendas na internet atrav\u00e9s de estrat\u00e9gias que realmente funcionam.","sameAs":["https:\/\/sucessoagora.com\/blog","https:\/\/www.facebook.com\/tiagocsimoes","https:\/\/www.instagram.com\/tiagocsimoes\/","https:\/\/www.linkedin.com\/in\/tiagocsimoes\/","https:\/\/x.com\/https:\/\/twitter.com\/otiagosimoes","https:\/\/www.youtube.com\/channel\/UCN6nx96FQIFtL7QyUshzglQ"]}]}},"jetpack_sharing_enabled":true,"_links":{"self":[{"href":"https:\/\/sucessoagora.com\/blog\/wp-json\/wp\/v2\/pages\/688","targetHints":{"allow":["GET"]}}],"collection":[{"href":"https:\/\/sucessoagora.com\/blog\/wp-json\/wp\/v2\/pages"}],"about":[{"href":"https:\/\/sucessoagora.com\/blog\/wp-json\/wp\/v2\/types\/page"}],"author":[{"embeddable":true,"href":"https:\/\/sucessoagora.com\/blog\/wp-json\/wp\/v2\/users\/1"}],"replies":[{"embeddable":true,"href":"https:\/\/sucessoagora.com\/blog\/wp-json\/wp\/v2\/comments?post=688"}],"version-history":[{"count":1,"href":"https:\/\/sucessoagora.com\/blog\/wp-json\/wp\/v2\/pages\/688\/revisions"}],"predecessor-version":[{"id":7470,"href":"https:\/\/sucessoagora.com\/blog\/wp-json\/wp\/v2\/pages\/688\/revisions\/7470"}],"wp:attachment":[{"href":"https:\/\/sucessoagora.com\/blog\/wp-json\/wp\/v2\/media?parent=688"}],"curies":[{"name":"wp","href":"https:\/\/api.w.org\/{rel}","templated":true}]}}